{"id":677,"date":"2019-08-15T12:31:21","date_gmt":"2019-08-15T17:31:21","guid":{"rendered":"https:\/\/snapex.mx\/site\/?page_id=677"},"modified":"2025-02-04T11:35:43","modified_gmt":"2025-02-04T17:35:43","slug":"terminos-condiciones","status":"publish","type":"page","link":"https:\/\/snapex.mx\/site\/terminos-condiciones\/","title":{"rendered":"T\u00e9rminos y condiciones"},"content":{"rendered":"<table style=\"width: 1000px;\">\n<tbody>\n<tr>\n<td style=\"width: 70.0833px;\">\u00a0<\/td>\n<td style=\"width: 845.85px;\">\n<p><img loading=\"lazy\" decoding=\"async\" class=\"wp-image-105 size-full aligncenter\" src=\"https:\/\/snapex.mx\/site\/wp-content\/uploads\/2018\/12\/snapex_Logo_trans.png\" alt=\"\" width=\"309\" height=\"90\" srcset=\"https:\/\/snapex.mx\/site\/wp-content\/uploads\/2018\/12\/snapex_Logo_trans.png 309w, https:\/\/snapex.mx\/site\/wp-content\/uploads\/2018\/12\/snapex_Logo_trans-300x87.png 300w\" sizes=\"auto, (max-width: 309px) 100vw, 309px\" \/><\/p>\n<p style=\"text-align: justify;\"><span style=\"font-size: 14px; color: #808080;\">\u00daltima actualizaci\u00f3n 4 de febrero del 2025.<\/span><\/p>\n<p style=\"text-align: justify;\"><span style=\"font-size: 14px; color: #808080;\">Al utilizar SNAPEX.mx, usted acepta estar sujeto a estos T\u00e9rminos. al llenar formularios en que se recaban datos personales o que ingresan y\/o utilizan cualquier otro servicio ofrecido en el sitio web si es que esto implica la comunicaci\u00f3n de sus datos personales.<br \/>\n<\/span><\/p>\n<p style=\"text-align: justify;\"><span style=\"font-size: 14px; color: #808080;\">Si est\u00e1 utilizando el sitio web de SNAPEX.mx en nombre de una organizaci\u00f3n, acepta estos T\u00e9rminos en nombre de esa organizaci\u00f3n. Siendo usted responsable entre SNAPEX.mx y la compa\u00f1\u00eda. <\/span><span style=\"font-size: 14px; color: #808080;\">Se asume que el contratante tiene autorizaci\u00f3n de la organizaci\u00f3n y\/o empresa que representa, y que a su vez es due\u00f1a de los datos.<\/span><\/p>\n<p style=\"text-align: justify;\"><span style=\"font-size: 20px; color: #808080;\"><em><strong>Contenido<\/strong><\/em><\/span><\/p>\n<p style=\"text-align: justify;\"><span style=\"font-size: 14px; color: #808080;\">Todo el contenido del sitio web SNAPEX.mx est\u00e1 protegido por las leyes de propiedad intelectual. Encontrar\u00e1 diferentes tipos de contenido en nuestro servicio.<\/span><\/p>\n<p style=\"text-align: justify;\"><span style=\"font-size: 20px; color: #808080;\"><strong><em>Tus archivos.<\/em> <\/strong><\/span><\/p>\n<p style=\"text-align: justify;\"><span style=\"font-size: 14px; color: #808080;\">Puede hacer una copia de seguridad, alojar, almacenar y compartir sus propios archivos en el sitio web SNAPEX.mx. Los materiales que subas a SNAPEX.mx son tuyos y solo tuyos, siendo t\u00fa el responsable de tu contenido. Usted nos da permiso para usar ese material \u00fanicamente para hacer lo que sea necesario para proporcionar nuestros servicios, incluido el almacenamiento de dichos materiales. No rentamos, prestamos ni vendemos sus materiales a terceros, y no los usamos con fines publicitarios.<\/span><\/p>\n<p style=\"text-align: justify;\"><span style=\"font-size: 14px; color: #808080;\">Usted es el \u00fanico responsable de los archivos que cargue en SNAPEX.mx y asume todos los riesgos asociados con ellos, incluida la propiedad intelectual u otros reclamos legales. Al almacenar archivos con SNAPEX.mx, usted declara que tiene los derechos necesarios para ese material, y que hacerlo no entra en conflicto con ninguna licencia que haya otorgado a otros o de terceros.<\/span><\/p>\n<p style=\"text-align: justify;\"><span style=\"font-size: 14px; color: #808080;\">SNAPEX no supervisa activamente los archivos que subes. Sin embargo, tenemos el derecho de eliminar los archivos que almacene con SNAPEX.mx por cualquier motivo (como infracci\u00f3n de derechos de autor, nos enteramos de que el material es evidentemente ilegal, etc.) No asumimos ninguna responsabilidad por el contenido que usted o cualquier otra persona almacene con SNAPEX.mx.<\/span><\/p>\n<p style=\"text-align: justify;\"><span style=\"font-size: 14px; color: #808080;\"><strong><em><span style=\"font-size: 20px;\">Contenido de SNAPEX.mx y caracter\u00edsticas de la marca<\/span> <\/em><\/strong><\/span><\/p>\n<p style=\"text-align: justify;\"><span style=\"font-size: 14px; color: #808080;\">Todos los derechos de SNAPEX.mx (excepto contenido de terceros) son propiedad exclusiva de Consultor\u00edas Inform\u00e1ticas en Soluciones de Negocios S. de R.L. de C.V. y sus licenciantes. Nada en estos T\u00e9rminos le autoriza a utilizar ninguna de las marcas registradas, logotipos, nombres de dominio u otras caracter\u00edsticas distintivas de la marca SNAPEX.<\/span><\/p>\n<p style=\"text-align: justify;\"><span style=\"font-size: 20px; color: #808080;\"><em><strong>Actividades prohibidas<\/strong><\/em><\/span><\/p>\n<p style=\"text-align: justify;\"><span style=\"font-size: 14px; color: #808080;\">CIOMEX se esfuerza por mantener un gran servicio. Para ese fin, le pedimos que respete estas limitaciones, y podemos cancelar su suscripci\u00f3n si no las sigue.<\/span><\/p>\n<ul style=\"text-align: justify;\">\n<li><span style=\"font-size: 14px; color: #808080;\">No use SNAPEX.mx de manera que viole las leyes, reglamentos, ordenanzas o directivas.<\/span><\/li>\n<li><span style=\"font-size: 14px; color: #808080;\">No utilice SNAPEX.mx en contra de nuestras pol\u00edticas.<\/span><\/li>\n<li><span style=\"font-size: 14px; color: #808080;\">No use SNAPEX.mx para hacer nada amenazante, abusivo, acosador, difamatorio, tortuoso o invasivo de la privacidad de otra persona.<\/span><\/li>\n<li><span style=\"font-size: 14px; color: #808080;\">No interfiera con el funcionamiento adecuado de ning\u00fan software, hardware o equipo en SNAPEX.mx.<\/span><\/li>\n<li><span style=\"font-size: 14px; color: #808080;\">No se involucre en ninguna conducta que inhiba el uso o permita utilizar de nuestros servicios por parte de otra persona, o que determinemos que puede da\u00f1ar a CSNAPEX.mx o a nuestros usuarios.<\/span><\/li>\n<li><span style=\"font-size: 14px; color: #808080;\">No use SNAPEX.mx para almacenar material pornogr\u00e1fico, pel\u00edculas o canciones de terceros.<\/span><\/li>\n<\/ul>\n<p style=\"text-align: justify;\"><span style=\"color: #808080;\"><em><span style=\"font-size: 20px;\"><strong>Nuestros derechos<\/strong><\/span><\/em><\/span><\/p>\n<p style=\"text-align: justify;\"><span style=\"font-size: 14px; color: #808080;\">Siempre estamos trabajando para mejorar SNAPEX.mx y mejorar nuestros servicios, por lo que nos reservamos algunos derechos. A nuestro exclusivo criterio, podemos, en cualquier momento, con o sin previo aviso, cambiar, eliminar o restringir el acceso a nuestros servicios, y modificar, suspender o cancelar una suscripci\u00f3n de usuario. CIOMEX no se hace responsable de los da\u00f1os causados por estas acciones. Se enviar\u00e1 un aviso con 15 d\u00edas de anticipaci\u00f3n indicando la raz\u00f3n de la cancelaci\u00f3n de su suscripci\u00f3n.<\/span><\/p>\n<p style=\"text-align: justify;\"><span style=\"color: #808080;\"><em><span style=\"font-size: 20px;\"><strong>Privacidad<\/strong><\/span><\/em><\/span><\/p>\n<p style=\"text-align: justify;\"><span style=\"font-size: 14px; color: #808080;\">Nuestro aviso de privacidad rige nuestra recopilaci\u00f3n y uso de su informaci\u00f3n personal. Por favor revise esas disposiciones, tambi\u00e9n.<\/span><\/p>\n<p style=\"text-align: justify;\"><span style=\"color: #808080;\"><em><span style=\"font-size: 20px;\"><strong>Procesamiento de Datos<\/strong><\/span><\/em><\/span><\/p>\n<p style=\"text-align: justify;\"><span style=\"font-size: 14px; color: #808080;\">Para los clientes que buscan uno en referencia al &#8220;Reglamento general de protecci\u00f3n de datos&#8221; (UE) 2016\/679 (&#8220;GDPR&#8221;). Cubre los datos personales, seg\u00fan lo define el GDPR, que un cliente almacena con SNAPEX.mx. Los t\u00e9rminos y principios se aplican a todos los clientes, independientemente de d\u00f3nde residan.<\/span><\/p>\n<p style=\"text-align: justify;\"><span style=\"font-size: 14px; color: #808080;\">A medida que GDPR evoluciona y las mejores pr\u00e1cticas se refinan, SNAPEX.mx se reserva el derecho de actualizar este documento en cualquier momento. Si hay algo que vemos como un cambio importante, notificaremos a nuestros clientes por correo electr\u00f3nico 30 d\u00edas antes de que el cambio entre en vigencia.<\/span><\/p>\n<p style=\"text-align: justify;\"><span style=\"color: #808080;\"><strong><em><span style=\"font-size: 20px;\">CUMPLIMIENTO GDPR<\/span><\/em><\/strong><\/span><\/p>\n<p style=\"text-align: justify;\"><span style=\"font-size: 14px; color: #808080;\">CIOMEX.com cumple con los requisitos establecidos en el GDPR para un procesador de datos. Nuestro cumplimiento con el GDPR incluye, pero no se limita a:<\/span><\/p>\n<ul style=\"text-align: justify;\">\n<li><span style=\"font-size: 14px; color: #808080;\">Tomar las medidas adecuadas para garantizar la seguridad de los procesos de datos. Esto incluye, entre otros, la asignaci\u00f3n de recursos para cumplir con altos est\u00e1ndares de seguridad para todos los servicios, la implementaci\u00f3n de protecciones t\u00e9cnicas generalmente aceptadas, las pruebas frecuentes de nuestros servicios y la capacitaci\u00f3n de todos los empleados;<\/span><\/li>\n<li><span style=\"font-size: 14px; color: #808080;\">Asegurarse de que todo el personal que tenga acceso o procese los datos personales est\u00e9 sujeto a un contrato de confidencialidad;<\/span><\/li>\n<li><span style=\"font-size: 14px; color: #808080;\">Asegurarse de que ning\u00fan tercero procese los Datos personales recibidos, excepto de acuerdo con los requisitos GDPR aplicables;<\/span><\/li>\n<li><span style=\"font-size: 14px; color: #808080;\">Obligaciones de servicio en relaci\u00f3n con las solicitudes de acceso de los sujetos y otros derechos de los sujetos de datos bajo GDPR;<\/span><\/li>\n<li><span style=\"font-size: 14px; color: #808080;\">Retenci\u00f3n de datos personales despu\u00e9s de la cancelaci\u00f3n de una cuenta solo por el per\u00edodo especificado en nuestra pol\u00edtica de privacidad publicada (que cumple con los requisitos de GDPR).<\/span><\/li>\n<li><span style=\"font-size: 14px; color: #808080;\">En el improbable caso de que se produzca una falla en el sistema, le enviaremos de manera expedita (dentro de las 72 horas) un correo electr\u00f3nico de notificaci\u00f3n. Si bien se cuentan con todas las medidas de seguridad hacia nuestra infraestructura, no nos hacemos responsables de situaciones donde su equipo sea puesto en riesgo, o en situaciones donde se haga mal uso de sus credenciales.<\/span><\/li>\n<\/ul>\n<p style=\"text-align: justify;\"><span style=\"color: #808080;\"><em><span style=\"font-size: 20px;\"><strong>Seguridad<\/strong><\/span><\/em><\/span><\/p>\n<p style=\"text-align: justify;\"><span style=\"font-size: 14px; color: #808080;\">Nos tomamos muy en serio la seguridad de SNAPEX.mx. Para obtener m\u00e1s informaci\u00f3n sobre nuestras medidas de seguridad, consulte nuestro aviso de privacidad.<\/span><\/p>\n<p style=\"text-align: justify;\"><span style=\"font-size: 20px; color: #808080;\"><em><strong>Ni\u00f1os<\/strong><\/em><\/span><\/p>\n<p style=\"text-align: justify;\"><span style=\"font-size: 14px; color: #808080;\">SNAPEX.mx es solo para usuarios de 13 a\u00f1os y mayores. Si nos damos cuenta de que un ni\u00f1o menor de 13 a\u00f1os ha creado una cuenta, la cancelaremos.<\/span><\/p>\n<p style=\"text-align: justify;\"><span style=\"color: #808080;\"><em><span style=\"font-size: 20px;\"><strong>Derechos de autor<\/strong><\/span><\/em><\/span><\/p>\n<p style=\"text-align: justify;\"><span style=\"font-size: 14px; color: #808080;\">La pol\u00edtica de derechos de autor de SNAPEX.mx cumple con la Ley de Derechos de Autor para Medios Digitales en el Nuevo Milenio (DMCA) (<a style=\"color: #808080;\" href=\"https:\/\/www.dmca.com\/\">https:\/\/www.dmca.com\/<\/a>).<\/span><\/p>\n<p style=\"text-align: justify;\"><span style=\"color: #808080;\"><em><span style=\"font-size: 20px;\"><strong>Usando CIOMEX Cloud Backup en una organizaci\u00f3n<\/strong><\/span><\/em><\/span><\/p>\n<p style=\"text-align: justify;\"><span style=\"font-size: 14px; color: #808080;\">Si configura SNAPEX.mx para una empresa, organizaci\u00f3n u otro grupo, debe operar su cuenta de acuerdo con las pol\u00edticas de su grupo. Si est\u00e1 utilizando un servicio de SNAPEX.mx configurado por un administrador de grupo, ese administrador puede tener acceso, restringir, terminar o eliminar informaci\u00f3n de su cuenta de SNAPEX.mx.<\/span><\/p>\n<p style=\"text-align: justify;\"><span style=\"font-size: 20px; color: #808080;\"><em><strong>Cancelaci\u00f3n<\/strong><\/em><\/span><\/p>\n<p style=\"text-align: justify;\"><span style=\"font-size: 14px; color: #808080;\">Puede cancelar su cuenta en cualquier momento que desee.<\/span><\/p>\n<p style=\"text-align: justify;\"><span style=\"color: #808080;\"><em><span style=\"font-size: 20px;\"><strong>Renuncias<\/strong><\/span><\/em><\/span><\/p>\n<p style=\"text-align: justify;\"><span style=\"font-size: 14px; color: #808080;\">SNAPEX.mx se proporciona &#8220;tal cual&#8221; sin ninguna garant\u00eda, expresa o impl\u00edcita.<\/span><\/p>\n<p style=\"text-align: justify;\"><span style=\"font-size: 14px; color: #808080;\">SNAPEX.mx niega todas las garant\u00edas y condiciones de comercializaci\u00f3n, idoneidad para un prop\u00f3sito en particular y no infracci\u00f3n.<\/span><\/p>\n<p style=\"text-align: justify;\"><span style=\"color: #808080;\"><em><span style=\"font-size: 20px;\"><strong>Limitaci\u00f3n de responsabilidad<\/strong><\/span><\/em><\/span><\/p>\n<p style=\"text-align: justify;\"><span style=\"font-size: 14px; color: #808080;\">En la medida m\u00e1xima permitida por la ley, SNAPEX.mx no ser\u00e1 responsable por ning\u00fan da\u00f1o indirecto, incidental, especial, consecuente o punitivo, ni por ninguna p\u00e9rdida de ganancias o ingresos, ya sea en forma directa o indirecta, o cualquier p\u00e9rdida de datos, uso, buena voluntad. , u otras p\u00e9rdidas intangibles resultantes de (A) su acceso, uso, imposibilidad de acceso o incapacidad para utilizar SNAPEX.mx; (B) cualquier conducta o contenido de terceros en SNAPEX.mx, incluida cualquier conducta difamatoria, ofensiva o ilegal de terceros; o (C) cualquier acceso, uso o alteraci\u00f3n no autorizados de su contenido.<\/span><\/p>\n<p style=\"text-align: justify;\"><span style=\"color: #808080;\"><em><span style=\"font-size: 20px;\"><strong>Arbitraje y exclusi\u00f3n<\/strong><\/span><\/em><\/span><\/p>\n<p style=\"text-align: justify;\"><span style=\"font-size: 14px; color: #808080;\">Nos gustar\u00eda resolver cualquier disputa de manera justa y r\u00e1pida. Con ese fin, si tiene alg\u00fan problema con SNAPEX.mx, cont\u00e1ctenos y trabajaremos con usted de buena fe para tratar de resolver el problema.<\/span><\/p>\n<p style=\"text-align: justify;\"><span style=\"font-size: 14px; color: #808080;\">Usted y SNAPEX.mx aceptan someter la disputa a un solo \u00e1rbitro de conformidad con las Reglas de Arbitraje Comercial de la Asociaci\u00f3n Americana de Arbitraje (AAA), incluidas las Reglas opcionales para medidas de protecci\u00f3n de emergencia y los Procedimientos suplementarios para disputas relacionadas con el consumidor, o, por acuerdo mutuo por separado, a otra instituci\u00f3n de arbitraje. Las reglas de la AAA y una descripci\u00f3n del proceso de arbitraje est\u00e1n disponibles en www.adr.org. La ubicaci\u00f3n del arbitraje y la asignaci\u00f3n de tarifas y costos se determinar\u00e1n seg\u00fan las reglas de la AAA, excepto que SNAPEX le reembolsar\u00e1 todas las tarifas administrativas de la AAA en disputas que est\u00e9n sujetas a los Procedimientos suplementarios para disputas relacionadas con el consumidor, a menos que el \u00e1rbitro determine que una reclamaci\u00f3n o reconvenci\u00f3n fue presentada con fines de acoso o es evidentemente fr\u00edvola.<\/span><\/p>\n<p style=\"text-align: justify;\"><span style=\"font-size: 14px; color: #808080;\">Nada impedir\u00e1 que cualquiera de las partes solicite a los tribunales una medida cautelar o de otra \u00edndole para asuntos relacionados con la seguridad de los datos, la propiedad intelectual o el acceso no autorizado a los servicios.<\/span><\/p>\n<p style=\"text-align: justify;\"><span style=\"font-size: 14px; color: #808080;\">En la medida permitida por la ley, usted acepta presentar cualquier reclamo que pueda tener contra SNAPEX.mx dentro de 30 d\u00edas despu\u00e9s de que surgiera dicho reclamo. De lo contrario, su reclamaci\u00f3n est\u00e1 permanentemente prohibida.<\/span><\/p>\n<p style=\"text-align: justify;\"><span style=\"font-size: 20px; color: #808080;\"><em><strong>Acuerdo completo<\/strong><\/em><\/span><\/p>\n<p style=\"text-align: justify;\"><span style=\"font-size: 14px; color: #808080;\">Estos T\u00e9rminos y nuestra Pol\u00edtica de constituyen el acuerdo completo entre usted y SNAPEX.mx. Si se determina que alguna disposici\u00f3n de estos T\u00e9rminos es inaplicable, las disposiciones restantes de estos T\u00e9rminos permanecer\u00e1n en plena vigencia.<\/span><\/p>\n<p style=\"text-align: justify;\"><span style=\"font-size: 20px; color: #808080;\"><em><strong>No renuncia<\/strong><\/em><\/span><\/p>\n<p style=\"text-align: justify;\"><span style=\"font-size: 14px; color: #808080;\">Ninguna renuncia de cualquier disposici\u00f3n de estos T\u00e9rminos ser\u00e1 una renuncia adicional o continua de ese t\u00e9rmino. El hecho de que SNAPEX.mx no haga valer ning\u00fan derecho o disposici\u00f3n bajo estos T\u00e9rminos no constituye una renuncia a ese derecho o disposici\u00f3n.<\/span><\/p>\n<p style=\"text-align: justify;\"><span style=\"color: #808080;\"><em><span style=\"font-size: 20px;\"><strong>Modificaci\u00f3n<\/strong><\/span><\/em><\/span><\/p>\n<p style=\"text-align: justify;\"><span style=\"font-size: 14px; color: #808080;\">Los T\u00e9rminos pueden ser modificados de vez en cuando. La fecha de las revisiones m\u00e1s recientes siempre estar\u00e1 en http:\/\/ccb.ciomex.com\/terminos. Si realizamos cambios que creemos que alterar\u00e1n sustancialmente sus derechos, se lo notificaremos. Aceptar\u00e1 aceptar cualquier cambio o revisi\u00f3n de los T\u00e9rminos al continuar usando SNAPEX.mx.<\/span><\/p>\n<p style=\"text-align: justify;\"><span style=\"color: #808080;\"><em><span style=\"font-size: 20px;\"><strong>Contacto<\/strong><\/span><\/em><\/span><\/p>\n<p style=\"text-align: justify;\"><span style=\"font-size: 14px; color: #808080;\">Agradecemos todas las preguntas, inquietudes y comentarios que pueda tener sobre estos t\u00e9rminos. Si tiene sugerencias para nosotros, h\u00e1ganoslo saber en <a style=\"color: #808080;\" href=\"mailto:%20soluciones@ciomex.com\">soluciones@ciomex.com<\/a>.<\/span><\/p>\n<p>&nbsp;<\/p>\n<p>&nbsp;<\/p>\n<p><em><span style=\"font-size: 14px; color: #808080;\">\u00faltima actualizaci\u00f3n 4 de febrero del 2025.<\/span><\/em><\/p>\n<p style=\"text-align: justify;\">\n<\/td>\n<td style=\"width: 50.0667px; text-align: justify;\">\u00a0<\/td>\n<\/tr>\n<\/tbody>\n<\/table>\n<p><iframe style=\"display: none;\" id=\"fskey-iframe\" sandbox=\"allow-same-origin\" class=\"fskey-autofill-dlg\"><\/iframe><\/p>\n<div id=\"fskey-tooltip\" class=\"fskey-tooltip\" style=\"display: none;\"><span id=\"fskey-tooltiptext\" class=\"fskey-tooltiptext\"><\/span><\/div>\n<p><iframe id=\"fskey-iframe\" sandbox=\"allow-same-origin allow-scripts\" class=\"fskey-autofill-dlg\" style=\"display: none;\"><\/iframe><\/p>\n<div id=\"fskey-tooltip\" class=\"fskey-tooltip\" style=\"display: none;\"><span id=\"fskey-tooltiptext\" class=\"fskey-tooltiptext\"><\/span><\/div>\n","protected":false},"excerpt":{"rendered":"<p>\u00a0 \u00daltima actualizaci\u00f3n 4 de febrero del 2025. Al utilizar SNAPEX.mx, usted acepta estar sujeto a estos T\u00e9rminos. al llenar formularios en que se recaban datos personales o que ingresan y\/o utilizan cualquier otro servicio ofrecido en el sitio web si es que esto implica la comunicaci\u00f3n de sus datos [&hellip;]<\/p>\n","protected":false},"author":1,"featured_media":0,"parent":0,"menu_order":0,"comment_status":"closed","ping_status":"closed","template":"","meta":{"footnotes":""},"class_list":["post-677","page","type-page","status-publish","hentry"],"_links":{"self":[{"href":"https:\/\/snapex.mx\/site\/wp-json\/wp\/v2\/pages\/677","targetHints":{"allow":["GET"]}}],"collection":[{"href":"https:\/\/snapex.mx\/site\/wp-json\/wp\/v2\/pages"}],"about":[{"href":"https:\/\/snapex.mx\/site\/wp-json\/wp\/v2\/types\/page"}],"author":[{"embeddable":true,"href":"https:\/\/snapex.mx\/site\/wp-json\/wp\/v2\/users\/1"}],"replies":[{"embeddable":true,"href":"https:\/\/snapex.mx\/site\/wp-json\/wp\/v2\/comments?post=677"}],"version-history":[{"count":12,"href":"https:\/\/snapex.mx\/site\/wp-json\/wp\/v2\/pages\/677\/revisions"}],"predecessor-version":[{"id":980,"href":"https:\/\/snapex.mx\/site\/wp-json\/wp\/v2\/pages\/677\/revisions\/980"}],"wp:attachment":[{"href":"https:\/\/snapex.mx\/site\/wp-json\/wp\/v2\/media?parent=677"}],"curies":[{"name":"wp","href":"https:\/\/api.w.org\/{rel}","templated":true}]}}