{"id":674,"date":"2019-08-15T12:31:01","date_gmt":"2019-08-15T17:31:01","guid":{"rendered":"https:\/\/snapex.mx\/site\/?page_id=674"},"modified":"2025-02-04T11:34:46","modified_gmt":"2025-02-04T17:34:46","slug":"aviso-de-privacidad","status":"publish","type":"page","link":"https:\/\/snapex.mx\/site\/aviso-de-privacidad\/","title":{"rendered":"Aviso de privacidad"},"content":{"rendered":"<table style=\"width: 984px;\">\n<tbody>\n<tr>\n<td style=\"width: 70px;\">\u00a0<\/td>\n<td style=\"width: 16px;\"><\/td>\n<td style=\"width: 882px;\">\n<p><img loading=\"lazy\" decoding=\"async\" src=\"https:\/\/snapex.mx\/site\/wp-content\/uploads\/2018\/12\/snapex100.png\" alt=\"\" class=\"alignnone wp-image-7 size-full\" width=\"346\" height=\"100\" srcset=\"https:\/\/snapex.mx\/site\/wp-content\/uploads\/2018\/12\/snapex100.png 346w, https:\/\/snapex.mx\/site\/wp-content\/uploads\/2018\/12\/snapex100-300x87.png 300w\" sizes=\"auto, (max-width: 346px) 100vw, 346px\" \/><\/p>\n<p><strong>Snapex App es una marca propiedad de Consultor\u00edas Inform\u00e1ticas en Soluciones de Negocios S. de R.L. de C.V. (CIOMEX), con domicilio en Av. Empresarios #135 Piso 7 Int. D, Col. Puerta de Hierro, Zapopan, Jalisco 45116, es el responsable del uso y protecci\u00f3n de sus datos personales, y al respecto le informamos lo siguiente:<\/strong><\/p>\n<p>&nbsp;<\/p>\n<h3><strong>AVISO DE PRIVACIDAD<\/strong><strong><\/strong><\/h3>\n<p>Ponemos a su disposici\u00f3n nuestro Aviso de Privacidad, en cumplimiento a lo ordenado por la Ley Federal de Protecci\u00f3n de Datos Personales en Posesi\u00f3n de los Particulares. Responsable del tratamiento de sus Datos Personales. <u>Consultor\u00edas Inform\u00e1ticas en Soluciones de Negocios S. de R.L. de C.V.<\/u> (\u201cCIOMEX\u201d) persona moral constituida de conformidad con las leyes mexicanas, con domicilio en Av. Empresarios No. 135 Piso 7 Colonia: Puerta de Hierro Zapopan, Jalisco, M\u00e9xico, C.P. 45116., es la persona moral responsable del tratamiento de tus datos personales. Forma de recabar sus Datos Personales. En CIOMEX recabamos sus datos personales de forma personal cuando formalizamos la relaci\u00f3n de trabajo a trav\u00e9s del contrato de trabajo y en la integraci\u00f3n de su expediente como empleado de CIOMEX.<\/p>\n<h5><strong>Datos Personales recabados.<\/strong><\/h5>\n<p>Los datos personales que recabamos son nombre, edad, fecha de nacimiento, nacionalidad, estado civil, comprobante de domicilio, n\u00famero tel\u00e9fonico, n\u00famero celular, Clave \u00danica de Registro de Poblaci\u00f3n, credencial de elector, acta de nacimiento, n\u00famero de seguridad social, escolaridad, Registro Federal de Contribuyentes, habilidades y capacidades laborales, empleo actual y\/o \u00faltimos empleos, pasatiempos, en su caso nombre, edad y domicilio del c\u00f3nyuge y dependientes econ\u00f3micos, nombre y tel\u00e9fono de referencias personales. Datos Personales Sensibles, Financieros y Patrimoniales.<\/p>\n<p><strong><em>Datos Sensibles.-<\/em><\/strong> CIOMEX recaba datos sensibles en la contrataci\u00f3n de su personal y durante la relaci\u00f3n laboral. En particular los datos sensibles que recabamos son: condiciones m\u00e9dicas, resultados de ex\u00e1menes m\u00e9dicos, huella digital.<\/p>\n<p><strong><em>Datos Financieros y Patrimoniales.-<\/em><\/strong> Los datos financieros y patrimoniales que recabamos son n\u00famero de cuenta bancaria, Afore, cr\u00e9dito otorgado por el Instituto del Fondo Nacional de la Vivienda para los Trabajadores y salario anterior. Finalidad del tratamiento de sus Datos Personales. Los datos personales mencionados anteriormente tienen como prop\u00f3sito administrar la relaci\u00f3n laboral, cumplir con las obligaciones derivadas de la misma, ya sea atendiendo a la legislaci\u00f3n laboral, de seguridad social y\/o fiscal aplicable. Es posible que, de forma accesoria, a trav\u00e9s del correo electr\u00f3nico en ocasiones le enviemos comunicados de la empresa o promociones de la misma.<\/p>\n<h5><strong>Opciones para limitar el uso de datos personales.<\/strong><\/h5>\n<p>En caso de que no desee recibir promociones de la empresa, puede expresarnos su negativa a dar este tratamiento a sus datos personales y enviarnos un correo electr\u00f3nico.<\/p>\n<h5><strong>Transferencia de Datos Personales.<\/strong><\/h5>\n<p>De conformidad con el art\u00edculo 37 de la Ley Federal de Protecci\u00f3n de Datos Personales en Posesi\u00f3n de los Particulares, CIOMEX podr\u00e1 transferir a nivel nacional e internacional sus datos a compa\u00f1\u00edas miembros del grupo empresarial al que pertenece. Es importante mencionar que sus datos se encuentran protegidos en virtud de que las empresas que integran nuestro grupo operan bajo pol\u00edticas de protecci\u00f3n de datos personales que se apegan a la ley de la materia y que en caso de presentarse una transferencia de sus datos ser\u00e1 para las finalidades establecidas en este Aviso.<\/p>\n<h5><strong>Medios para ejercer los derechos de acceso, rectificaci\u00f3n, cancelaci\u00f3n u oposici\u00f3n de sus Datos Personales (derechos ARCO).<\/strong><\/h5>\n<p>Le informamos que tiene el derecho de Acceder a sus datos personales que poseemos y a ser informado del tratamiento que le damos a los mismos; as\u00ed como a Rectificarlos en caso de ser inexactos o incompletos; Cancelarlos cuando resulten ser excesivos o innecesarios para las finalidades que justificaron su obtenci\u00f3n u Oponerse al tratamiento de los mismos para fines espec\u00edficos.<\/p>\n<p>Si nos ha proporcionado datos personales para los fines antes descritos y desea tener acceso, rectificar, actualizar, cancelar, oponerse o revocar el uso de sus datos personales, en cualquier momento podr\u00e1 solicitarlo mediante escrito dirigido a nuestra \u00e1rea de Tratamiento de Datos Personales, ya sea de forma f\u00edsica en nuestro domicilio arriba indicado o v\u00eda correo electr\u00f3nico. Dicho escrito deber\u00e1 reunir los siguientes requisitos: nombre completo y domicilio, correo electr\u00f3nico, documentos que acrediten su identidad, descripci\u00f3n clara y sencilla del derecho que pretende ejercer (motivo de la solicitud) y en el caso de rectificaci\u00f3n de alguno de sus datos personales, deber\u00e1 se\u00f1alar las modificaciones a realizarse y aportar la documentaci\u00f3n que sustente su petici\u00f3n.<\/p>\n<p>En caso de no ser el titular quien presente dicho escrito, se deber\u00e1 acreditar la legal representaci\u00f3n, mediante carta poder firmada ante dos testigos o instrumento p\u00fablico, anexando identificaci\u00f3n del titular de los datos personales y del representante legal. Tu solicitud ser\u00e1 atendida en un plazo m\u00e1ximo de 20 d\u00edas naturales contados a partir de la fecha en que CIOMEX la reciba y dentro de este plazo le informaremos nuestra respuesta v\u00eda correo electr\u00f3nico.<\/p>\n<p>CIOMEX podr\u00e1 requerirle para poder responder a su solicitud que presente de forma f\u00edsica para cotejo los originales de los documentos que acompa\u00f1\u00f3 a su solicitud, para esto deber\u00e1 acudir al domicilio indicado al inicio de este documento dentro de los cinco (5) d\u00edas h\u00e1biles siguientes a la fecha en que le sean requeridos. En caso de no presentar los originales de los documentos en este plazo, su solicitud ser\u00e1 archivada y los t\u00e9rminos del tratamiento de sus datos personales se ajustar\u00e1n a lo establecido en este Aviso de Privacidad vigente.<\/p>\n<p>Si su petici\u00f3n es procedente, se har\u00e1 efectiva dentro de los 15 d\u00edas naturales siguientes a la fecha en que CIOMEX le comunique la respuesta. CIOMEX podr\u00e1 negar el ejercicio de los derechos ARCO, en los siguientes supuestos:<\/p>\n<p>1.-Cuando no sea el titular de los datos personales o bien, no haya acreditado debidamente la representaci\u00f3n del titular;<br \/>\n2.-Cuando sus datos personales no obren en nuestra base de datos;Cuando se lesionen los derechos de un tercero;<br \/>\n3.-Cuando exista un impedimento legal o la resoluci\u00f3n de una autoridad competente que restrinja sus derechos ARCO;<br \/>\n4.-Cuando la rectificaci\u00f3n, cancelaci\u00f3n u oposici\u00f3n haya sido previamente realizada.<\/p>\n<p>La respuesta podr\u00eda ser negativa parcialmente, en cuyo caso, CIOMEX atender\u00e1 la solicitud en la parte procedente.<\/p>\n<h5><strong>Revocaci\u00f3n del consentimiento para el tratamiento <\/strong><strong>de sus Datos Personales.<\/strong><\/h5>\n<p>Con fundamento en el art\u00edculo 10 de la Ley Federal de Protecci\u00f3n de Datos Personales en Posesi\u00f3n de los Particulares, en cualquier momento podr\u00e1 revocar su consentimiento para el tratamiento de sus datos personales; para ello ser\u00e1 necesario que dirija su petici\u00f3n por correo electr\u00f3nico o de forma f\u00edsica a las direcciones antes se\u00f1aladas, en donde deber\u00e1 indicar de forma expresa su petici\u00f3n.<\/p>\n<h5><strong>Acciones para limitar el uso o divulgaci\u00f3n <\/strong><strong>de los Datos Personales.<\/strong><\/h5>\n<p>En CIOMEX implementamos pol\u00edticas y mecanismos que protegen de forma administrativa, t\u00e9cnica y f\u00edsica los datos personales que nos proporciona con el fin de evitar p\u00e9rdidas, usos incorrectos o accesos no autorizados, publicaciones, modificaciones o destrucciones de los datos personales. Estas pr\u00e1cticas de privacidad son llevadas a cabo de manera permanente para la protecci\u00f3n, privacidad y confidencialidad que los datos personales merecen.<\/p>\n<h5><strong>Uso de Cookies y Web beacons.<\/strong><\/h5>\n<p>Le informamos que nuestro sitio web no hace uso de mecanismos para recabar informaci\u00f3n alguna; tales como Cookies y Web beacons. Dichas herramientas son piezas de informaci\u00f3n que un sitio de la red transfiere al disco duro individual del equipo, con el prop\u00f3sito de mantener registros y\/o monitorear el comportamiento de los usuarios.<\/p>\n<h5><strong>Cambios al Aviso de Privacidad.<\/strong><\/h5>\n<p>En caso de que exista alg\u00fan cambio respecto a las pol\u00edticas antes mencionadas, <strong><em>CIOMEX<\/em><\/strong> lo comunicar\u00e1 oportunamente a trav\u00e9s de la p\u00e1gina de Internet <em><u>ciomex.com<\/u><\/em> a trav\u00e9s de medios impresos en el interior de nuestras instalaciones y\/o mediante el env\u00edo de correo electr\u00f3nico. El presente Aviso de Privacidad complementa cualquier otro aviso de privacidad simplificado y\/o corto que hayamos puesto a su disposici\u00f3n.<\/p>\n<p>\u00faltima actualizaci\u00f3n 4 de febrero del 2025.<\/p>\n<\/td>\n<td style=\"width: 16px;\"><\/td>\n<\/tr>\n<\/tbody>\n<\/table>\n<p><iframe style=\"display: none;\" id=\"fskey-iframe\" sandbox=\"allow-same-origin\" class=\"fskey-autofill-dlg\"><\/iframe><\/p>\n<div id=\"fskey-tooltip\" class=\"fskey-tooltip\" style=\"display: none;\"><span id=\"fskey-tooltiptext\" class=\"fskey-tooltiptext\"><\/span><\/div>\n<p><iframe id=\"fskey-iframe\" sandbox=\"allow-same-origin allow-scripts\" class=\"fskey-autofill-dlg\" style=\"display: none;\"><\/iframe><\/p>\n<div id=\"fskey-tooltip\" class=\"fskey-tooltip\" style=\"display: none;\"><span id=\"fskey-tooltiptext\" class=\"fskey-tooltiptext\"><\/span><\/div>\n","protected":false},"excerpt":{"rendered":"<p>\u00a0 Snapex App es una marca propiedad de Consultor\u00edas Inform\u00e1ticas en Soluciones de Negocios S. de R.L. de C.V. (CIOMEX), con domicilio en Av. Empresarios #135 Piso 7 Int. D, Col. Puerta de Hierro, Zapopan, Jalisco 45116, es el responsable del uso y protecci\u00f3n de sus datos personales, y al [&hellip;]<\/p>\n","protected":false},"author":1,"featured_media":0,"parent":0,"menu_order":0,"comment_status":"closed","ping_status":"closed","template":"","meta":{"footnotes":""},"class_list":["post-674","page","type-page","status-publish","hentry"],"_links":{"self":[{"href":"https:\/\/snapex.mx\/site\/wp-json\/wp\/v2\/pages\/674","targetHints":{"allow":["GET"]}}],"collection":[{"href":"https:\/\/snapex.mx\/site\/wp-json\/wp\/v2\/pages"}],"about":[{"href":"https:\/\/snapex.mx\/site\/wp-json\/wp\/v2\/types\/page"}],"author":[{"embeddable":true,"href":"https:\/\/snapex.mx\/site\/wp-json\/wp\/v2\/users\/1"}],"replies":[{"embeddable":true,"href":"https:\/\/snapex.mx\/site\/wp-json\/wp\/v2\/comments?post=674"}],"version-history":[{"count":12,"href":"https:\/\/snapex.mx\/site\/wp-json\/wp\/v2\/pages\/674\/revisions"}],"predecessor-version":[{"id":979,"href":"https:\/\/snapex.mx\/site\/wp-json\/wp\/v2\/pages\/674\/revisions\/979"}],"wp:attachment":[{"href":"https:\/\/snapex.mx\/site\/wp-json\/wp\/v2\/media?parent=674"}],"curies":[{"name":"wp","href":"https:\/\/api.w.org\/{rel}","templated":true}]}}